{"id":977,"date":"2015-04-29T08:56:53","date_gmt":"2015-04-29T08:56:53","guid":{"rendered":"https:\/\/www.asierpolo.com\/en\/aviso-legal\/"},"modified":"2016-03-09T17:41:27","modified_gmt":"2016-03-09T16:41:27","slug":"legal-notice","status":"publish","type":"page","link":"https:\/\/www.asierpolo.com\/en\/legal-notice\/","title":{"rendered":"Legal Notice"},"content":{"rendered":"<p>[vc_row el_class=&#8221;page-block-center page-block-title&#8221;][vc_column width=&#8221;1\/1&#8243;][vc_column_text]<\/p>\n<h1>Aviso legal<\/h1>\n<p>[\/vc_column_text][\/vc_column][\/vc_row][vc_row full_width=&#8221;&#8221; parallax=&#8221;&#8221; parallax_image=&#8221;&#8221; el_class=&#8221;page-block-center page-block-mar40&#8243;][vc_column width=&#8221;1\/1&#8243;][vc_column_text]<strong>CONDICIONES GENERALES DE USO DEL SITIO WEB DE Asier Polo, <\/strong><strong>www.asierpolo.com<\/strong><\/p>\n<p>Asier Polo (EN ADELANTE EL PROPIETARIO) con domicilio a efectos de notificaciones en Zeanuri pone a<br \/>\ndisposici\u00f3n en su sitio web\u00a0 www.asierpolo.com determinados\u00a0 contenidos de car\u00e1cter informativo sobre sus actividades.Las presentes<br \/>\ncondiciones generales rigen \u00fanica y exclusivamente el uso del sitio web de EL PROPIETARIO por parte de los USUARIOS que accedan<br \/>\nal mismo. Las presentes condiciones generales se le exponen al USUARIO en el sitio web www.asierpolo.com\u00a0 en todas y cada una de las<br \/>\np\u00e1ginas, para que las lea, las imprima, archive y acepte a trav\u00e9s de internet y se encuentre plenamente informado.<\/p>\n<p>El acceso al sitio web de EL PROPIETARIO implica sin reservas la aceptaci\u00f3n de las presentes condiciones generales de uso que el<br \/>\nUSUARIO afirma comprender en su totalidad. El USUARIO se compromete no a utilizar el sitio web y los servicios que se ofrecen en<br \/>\nel mismo para la realizaci\u00f3n de actividades contrarias a la ley y a respetar en todo momento las presentes condiciones generales.<\/p>\n<h3>PRIMERA.- CONDICIONES DE ACCESO Y USO<\/h3>\n<p>1.1.- La utilizaci\u00f3n del sitio web de EL PROPIETARIO, no conlleva la obligatoriedad de inscripci\u00f3n del USUARIO. Las<br \/>\ncondiciones de acceso y uso del presente sitio web se rigen estrictamente por la legalidad vigente y por el principio de<br \/>\nbuena fe comprometi\u00e9ndose el USUARIO a realizar un buen uso de la web.\u00a0 Quedan prohibidos todos los actos que vulneren la<br \/>\nlegalidad, derechos o intereses de terceros: derecho a la intimidad, protecci\u00f3n de datos, propiedad intelectual etc.<br \/>\nExpresamente EL PROPIETARIO proh\u00edbe los siguientes:<\/p>\n<p>1.1.1.- Realizar acciones que puedan producir en el sitio web o a trav\u00e9s del mismo por cualquier medio cualquier tipo<br \/>\nde da\u00f1o a los sistemas de EL PROPIETARIO\u00a0 o a terceros.<\/p>\n<p>1.1.2.- Realizar sin la debida autorizaci\u00f3n cualquier tipo de publicidad o informaci\u00f3n comercial directamente o de<br \/>\nforma encubierta, el env\u00edo de correos masivos (&#8220;spaming&#8221;) o env\u00edo de grandes mensajes con el fin de bloquear servidores<br \/>\nde la red (&#8220;mail bombing&#8221;).<\/p>\n<p>1.2.- EL PROPIETARIO, podr\u00e1 interrumpir en cualquier momento el acceso a su sitio web si detecta un uso contrario a la<br \/>\nlegalidad, la buena fe o a las presentes condiciones generales- ver cl\u00e1usula quinta.<\/p>\n<h3>SEGUNDA.- CONTENIDOS:<\/h3>\n<p>Los contenidos incorporados en este sitio web han sido elaborados e incluidos por:<\/p>\n<p>2.1.- EL PROPIETARIO utilizando fuentes internas y externas de tal modo que EL PROPIETARIO \u00fanicamente se hace responsable<br \/>\npor los contenidos elaborados de forma interna.<\/p>\n<p>2.2.- EL PROPIETARIO se reserva el derecho a modificar en cualquier momento los contenidos existentes en su sitio web. EL PROPIETARIO<br \/>\nno asegura ni se responsabiliza del correcto funcionamiento de los enlaces a sitios web de terceros que figuren en www.asierpolo.com.<br \/>\nAdem\u00e1s a trav\u00e9s del sitio web del PROPIETARIO se ponen a disposici\u00f3n del usuario servicios gratu\u00edtos y de pago ofrecidos por terceros<br \/>\najenos y que se regir\u00e1n por las condiciones particulares de cada uno de \u00e9llos. EL PROPIETARIO no garantiza la veracidad, exactitud o<br \/>\nactualidad de los contenidos y servicios ofrecidos por terceros y queda expresamente exento de todo tipo de responsabilidad por los<br \/>\nda\u00f1os y perjuicios que puedan derivarse de la falta de exactitud de estos contenidos y servicios.<\/p>\n<h3>TERCERA.- RESPONSABILIDAD<\/h3>\n<p>3.1.- EL PROPIETARIO en ning\u00fan caso ser\u00e1 responsable de:<\/p>\n<p>3.1.1.- Los fallos e incidencias que pudieran producirse en las comunicaciones, borrado o transmisiones incompletas de manera que<br \/>\nno se garantiza que los servicios del sitio web est\u00e9n constantemente operativos.<\/p>\n<p>3.1.2.- De la producci\u00f3n de cualquier tipo de da\u00f1o que los USUARIOS o terceros pudiesen ocasionar en el sitio web.<\/p>\n<p>3.1.3.- De la fiabilidad y veracidad de las informaciones introducidas por terceros en el sitio web, bien directamente, bien a trav\u00e9s<br \/>\nde enlaces o links. Asimismo, Asier Polo colaborar\u00e1 y notificar\u00e1 a la autoridad competente estas incidencias en el momento en que<br \/>\ntenga conocimiento fehaciente de que los da\u00f1os ocasionados constituyan cualquier tipo de actividad il\u00edcita.<\/p>\n<p>3.2.- EL PROPIETARIO se reserva el derecho a suspender el acceso sin previo aviso de forma discrecional y con car\u00e1cter definitivo o<br \/>\ntemporal hasta el aseguramiento de la efectiva responsabilidad de los da\u00f1os que pudieran producirse. Asimismo, EL PROPIETARIO<br \/>\ncolaborar\u00e1 y notificar\u00e1 a la autoridad competente estas incidencias en el momento en que tenga conocimiento fehaciente de que los da\u00f1os<br \/>\nocasionados constituyan cualquier tipo de actividad il\u00edcita.<\/p>\n<h3>CUARTA.- DERECHOS DE AUTOR Y MARCA<\/h3>\n<p>El sitio web de EL PROPIETARIO &#8211; los contenidos propios, la programaci\u00f3n y el dise\u00f1o del sitio web- se encuentra plenamente protegido por<br \/>\nlos derechos de autor, quedando expresamente prohibida toda reproducci\u00f3n, comunicaci\u00f3n, distribuci\u00f3n y transformaci\u00f3n de los referidos<br \/>\nelementos protegidos salvo consentimiento expreso de EL PROPIETARIO. Los materiales tanto gr\u00e1ficos como escritos enviados por los usuarios<br \/>\na trav\u00e9s de los medios que se ponen a su disposici\u00f3n en el sitio web son propiedad del usuario que afirma al enviarlos su leg\u00edtima autor\u00eda y<br \/>\ncede los derechos de reproducci\u00f3n y distribuci\u00f3n al PROPIETARIO.<\/p>\n<h3>QUINTA.- JURISDICCI\u00d3N Y LEY APLICABLE<\/h3>\n<p>Las presentes condiciones generales se rigen por la legislaci\u00f3n espa\u00f1ola. Son competentes para resolver toda controversia o conflicto que se<br \/>\nderive de las presentes condiciones generales los Juzgados, renunciando expresamente el USUARIO a cualquier otro fuero que<br \/>\npudiera corresponderle.<\/p>\n<h3>SEXTA.-<\/h3>\n<p>En caso de que cualquier cl\u00e1usula del presente documento sea declarada nula, las dem\u00e1s cl\u00e1usulas seguir\u00e1n vigentes y se interpretar\u00e1n teniendo<br \/>\nen cuenta la voluntad de las partes y la finalidad misma de las presentes condiciones. EL PROPIETARIO podr\u00e1 no ejercitar alguno de los derechos<br \/>\ny facultades conferidos en este documento lo que no implicar\u00e1 en ning\u00fan caso la renuncia a los mismos salvo reconocimiento expreso por parte de<br \/>\nEL PROPIETARIO.[\/vc_column_text][\/vc_column][\/vc_row]<\/p>\n","protected":false},"excerpt":{"rendered":"<p>[vc_row el_class=&#8221;page-block-center page-block-title&#8221;][vc_column width=&#8221;1\/1&#8243;][vc_column_text] Aviso legal [\/vc_column_text][\/vc_column][\/vc_row][vc_row full_width=&#8221;&#8221; parallax=&#8221;&#8221; parallax_image=&#8221;&#8221; el_class=&#8221;page-block-center page-block-mar40&#8243;][vc_column width=&#8221;1\/1&#8243;][vc_column_text]CONDICIONES GENERALES DE USO DEL SITIO WEB DE Asier Polo, www.asierpolo.com Asier Polo (EN ADELANTE EL PROPIETARIO) con domicilio a efectos de notificaciones en Zeanuri pone a disposici\u00f3n &hellip; <a href=\"https:\/\/www.asierpolo.com\/en\/legal-notice\/\">Continued<\/a><\/p>\n","protected":false},"author":3,"featured_media":0,"parent":0,"menu_order":23,"comment_status":"open","ping_status":"open","template":"template-style1.php","meta":[],"_links":{"self":[{"href":"https:\/\/www.asierpolo.com\/en\/wp-json\/wp\/v2\/pages\/977"}],"collection":[{"href":"https:\/\/www.asierpolo.com\/en\/wp-json\/wp\/v2\/pages"}],"about":[{"href":"https:\/\/www.asierpolo.com\/en\/wp-json\/wp\/v2\/types\/page"}],"author":[{"embeddable":true,"href":"https:\/\/www.asierpolo.com\/en\/wp-json\/wp\/v2\/users\/3"}],"replies":[{"embeddable":true,"href":"https:\/\/www.asierpolo.com\/en\/wp-json\/wp\/v2\/comments?post=977"}],"version-history":[{"count":1,"href":"https:\/\/www.asierpolo.com\/en\/wp-json\/wp\/v2\/pages\/977\/revisions"}],"predecessor-version":[{"id":978,"href":"https:\/\/www.asierpolo.com\/en\/wp-json\/wp\/v2\/pages\/977\/revisions\/978"}],"wp:attachment":[{"href":"https:\/\/www.asierpolo.com\/en\/wp-json\/wp\/v2\/media?parent=977"}],"curies":[{"name":"wp","href":"https:\/\/api.w.org\/{rel}","templated":true}]}}