{"id":3084,"date":"2020-05-13T18:47:56","date_gmt":"2020-05-13T16:47:56","guid":{"rendered":"https:\/\/www.asierpolo.com\/discography\/asier-polo-cello-concertos\/"},"modified":"2024-08-19T13:11:47","modified_gmt":"2024-08-19T11:11:47","slug":"asier-polo-cello-concertos","status":"publish","type":"page","link":"https:\/\/www.asierpolo.com\/en\/discography\/asier-polo-cello-concertos\/","title":{"rendered":"Asier Polo Cello Concertos"},"content":{"rendered":"<p>[vc_row el_class=&#8221;home-photo&#8221;][vc_column el_class=&#8221;column-no-padding&#8221;][vc_column_text el_class=&#8221;back-disco&#8221;]<a href=\"\/en\/discography\/\">Back to Discography<\/a>[\/vc_column_text][vc_single_image image=&#8221;503&#8243; img_size=&#8221;full&#8221; alignment=&#8221;center&#8221;][\/vc_column][\/vc_row][vc_row el_class=&#8221;page-block-center page-block-title&#8221;][vc_column][vc_column_text]<\/p>\n<h1>Vivaldi, Boccherini, Haydn<\/h1>\n<h2>Cello Concertos<\/h2>\n<p>[\/vc_column_text][\/vc_column][\/vc_row][vc_row el_class=&#8221;page-block-center page-block-mar40&#8243;][vc_column width=&#8221;1\/3&#8243;][vc_single_image image=&#8221;3067&#8243; img_size=&#8221;full&#8221; alignment=&#8221;center&#8221;][vc_column_text]<\/p>\n<h4>Buy it now:<\/h4>\n<p><a href=\"https:\/\/ibsclassical.es\/product\/asier-polo-cello-concertos\/\" target=\"_blank\" rel=\"noopener noreferrer\"><img loading=\"lazy\" class=\"alignnone wp-image-2779\" src=\"https:\/\/www.asierpolo.com\/wp-content\/uploads\/2019\/07\/Logo_IBS_Classical_negro-150x150.png\" alt=\"\" width=\"45\" height=\"45\" \/>\u00a0\u00a0<\/a><a href=\"https:\/\/www.elcorteingles.es\/musica\/A35713188-concerto-cellos-edicion-digipack-cd\/\" target=\"_blank\" rel=\"noopener noreferrer\"><img loading=\"lazy\" class=\"alignnone wp-image-2781\" src=\"https:\/\/www.asierpolo.com\/wp-content\/uploads\/2019\/07\/eci-letras-300x78.png\" alt=\"\" width=\"173\" height=\"45\" srcset=\"https:\/\/www.asierpolo.com\/wp-content\/uploads\/2019\/07\/eci-letras-300x78.png 300w, https:\/\/www.asierpolo.com\/wp-content\/uploads\/2019\/07\/eci-letras-768x201.png 768w, https:\/\/www.asierpolo.com\/wp-content\/uploads\/2019\/07\/eci-letras-1024x267.png 1024w, https:\/\/www.asierpolo.com\/wp-content\/uploads\/2019\/07\/eci-letras-320x84.png 320w\" sizes=\"(max-width: 173px) 100vw, 173px\" \/><\/a><a href=\"https:\/\/www.amazon.es\/Boccherini-Vivaldi-Haydn-Cello-Concertos\/dp\/B089VKJ8Z1\/ref=sr_1_4?__mk_es_ES=\u00c5M\u00c5\u017d\u00d5\u00d1&amp;dchild=1&amp;keywords=asier+polo&amp;qid=1592772684&amp;quartzVehicle=121-1640&amp;replacementKeywords=asier&amp;sr=8-4\" target=\"_blank\" rel=\"noopener noreferrer\"><img loading=\"lazy\" class=\"alignnone wp-image-2783\" src=\"https:\/\/www.asierpolo.com\/wp-content\/uploads\/2019\/07\/Amazon-logo-300x126.png\" alt=\"\" width=\"107\" height=\"45\" srcset=\"https:\/\/www.asierpolo.com\/wp-content\/uploads\/2019\/07\/Amazon-logo-300x126.png 300w, https:\/\/www.asierpolo.com\/wp-content\/uploads\/2019\/07\/Amazon-logo-768x323.png 768w, https:\/\/www.asierpolo.com\/wp-content\/uploads\/2019\/07\/Amazon-logo-1024x430.png 1024w, https:\/\/www.asierpolo.com\/wp-content\/uploads\/2019\/07\/Amazon-logo-320x135.png 320w\" sizes=\"(max-width: 107px) 100vw, 107px\" \/><\/a><a href=\"https:\/\/www.fnac.es\" target=\"_blank\" rel=\"noopener noreferrer\"><img loading=\"lazy\" class=\"alignnone wp-image-2785\" src=\"https:\/\/www.asierpolo.com\/wp-content\/uploads\/2019\/07\/fnaclogo1-300x104.png\" alt=\"\" width=\"110\" height=\"38\" srcset=\"https:\/\/www.asierpolo.com\/wp-content\/uploads\/2019\/07\/fnaclogo1-300x104.png 300w, https:\/\/www.asierpolo.com\/wp-content\/uploads\/2019\/07\/fnaclogo1-768x266.png 768w, https:\/\/www.asierpolo.com\/wp-content\/uploads\/2019\/07\/fnaclogo1-320x111.png 320w, https:\/\/www.asierpolo.com\/wp-content\/uploads\/2019\/07\/fnaclogo1.png 936w\" sizes=\"(max-width: 110px) 100vw, 110px\" \/><\/a><\/p>\n<h6>(Click to buy)<\/h6>\n<h6><\/h6>\n<p>[\/vc_column_text][vc_separator color=&#8221;orange&#8221;][vc_column_text]<\/p>\n<h4>Listen on:<\/h4>\n<p><a href=\"https:\/\/open.spotify.com\/album\/0almdG3bHYnRsIGsTeL44g\" target=\"_blank\" rel=\"noopener noreferrer\"><img loading=\"lazy\" class=\"alignnone wp-image-2790\" src=\"https:\/\/www.asierpolo.com\/wp-content\/uploads\/2019\/07\/Spotify_logo13-300x90.png\" alt=\"\" width=\"100\" height=\"30\" srcset=\"https:\/\/www.asierpolo.com\/wp-content\/uploads\/2019\/07\/Spotify_logo13-300x90.png 300w, https:\/\/www.asierpolo.com\/wp-content\/uploads\/2019\/07\/Spotify_logo13-320x96.png 320w, https:\/\/www.asierpolo.com\/wp-content\/uploads\/2019\/07\/Spotify_logo13.png 650w\" sizes=\"(max-width: 100px) 100vw, 100px\" \/><\/a>\u00a0 <a href=\"https:\/\/music.apple.com\/us\/album\/boccherini-vivaldi-haydn-cello-concertos\/1517420103\" target=\"_blank\" rel=\"noopener noreferrer\"><img loading=\"lazy\" class=\"alignnone wp-image-2792\" src=\"https:\/\/www.asierpolo.com\/wp-content\/uploads\/2019\/07\/apple-music-logo-png-transparent-300x71.png\" alt=\"\" width=\"94\" height=\"22\" srcset=\"https:\/\/www.asierpolo.com\/wp-content\/uploads\/2019\/07\/apple-music-logo-png-transparent-300x71.png 300w, https:\/\/www.asierpolo.com\/wp-content\/uploads\/2019\/07\/apple-music-logo-png-transparent-768x183.png 768w, https:\/\/www.asierpolo.com\/wp-content\/uploads\/2019\/07\/apple-music-logo-png-transparent-1024x244.png 1024w, https:\/\/www.asierpolo.com\/wp-content\/uploads\/2019\/07\/apple-music-logo-png-transparent-320x76.png 320w\" sizes=\"(max-width: 94px) 100vw, 94px\" \/><\/a>\u00a0\u00a0\u00a0<a href=\"https:\/\/music.youtube.com\/playlist?list=OLAK5uy_mU_WJn3IUelLQc5CbxrqHgUX_N6UIUnEE\" target=\"_blank\" rel=\"noopener noreferrer\"><img loading=\"lazy\" class=\"alignnone wp-image-2796\" src=\"https:\/\/www.asierpolo.com\/wp-content\/uploads\/2019\/07\/music-logo-black-forcolorbg-rgb-1--300x44.png\" alt=\"\" width=\"103\" height=\"15\" srcset=\"https:\/\/www.asierpolo.com\/wp-content\/uploads\/2019\/07\/music-logo-black-forcolorbg-rgb-1--300x44.png 300w, https:\/\/www.asierpolo.com\/wp-content\/uploads\/2019\/07\/music-logo-black-forcolorbg-rgb-1--768x112.png 768w, https:\/\/www.asierpolo.com\/wp-content\/uploads\/2019\/07\/music-logo-black-forcolorbg-rgb-1--1024x149.png 1024w, https:\/\/www.asierpolo.com\/wp-content\/uploads\/2019\/07\/music-logo-black-forcolorbg-rgb-1--320x47.png 320w\" sizes=\"(max-width: 103px) 100vw, 103px\" \/><\/a> &amp; more[\/vc_column_text][vc_separator color=&#8221;orange&#8221;][vc_column_text]<\/p>\n<h3>Audio<\/h3>\n<h4>L. <strong>Boccherini<\/strong>:\u00a0Cello Concerto in D major, G.479, I. Allegro (select.)<\/h4>\n<div class=\"sc_player_container1\"><input type=\"button\" id=\"btnplay_69e5418d3da458.40086909\" class=\"myButton_play\" onClick=\"play_mp3('play','69e5418d3da458.40086909','\/wp-content\/uploads\/2020\/05\/Bocherini-Imov.mp3','80','false');show_hide('play','69e5418d3da458.40086909');\" \/><input type=\"button\"  id=\"btnstop_69e5418d3da458.40086909\" style=\"display:none\" class=\"myButton_stop\" onClick=\"play_mp3('stop','69e5418d3da458.40086909','','80','false');show_hide('stop','69e5418d3da458.40086909');\" \/><div id=\"sm2-container\"><!-- flash movie ends up here --><\/div><\/div>[\/vc_column_text][\/vc_column][vc_column width=&#8221;2\/3&#8243;][vc_column_text]<\/p>\n<ul>\n<li><strong>CD Ref. IBS52020 | DPL GR 144-2020<\/strong><\/li>\n<li><b>Ibs Classical<\/b><\/li>\n<\/ul>\n<p>This recording covers approximately five decades of literature for violoncello and orchestra. The fifty years between the two concertos by <b>Vivaldi<\/b> (ca. 1720), <b>Haydn<\/b> (ca. 1763) and <b>Boccherini<\/b> (publ. 1770), through a present and modern interpretation performed on period instruments.<\/p>\n<p>The <b><i>Concerto for violoncello and strings in C minor<\/i> RV 401<\/b> by Antonio Vivaldi (1678-1741) is a beautiful and enigmatic work. The autograph is written on an unusual type of paper, and virtually all the features of the document stand out from the rest of the 27 concerts for cello written by the Venetian author. Its dating around 1720 is still a hypothesis, as well as its purpose. Even more uncertain is the origin of the <b><i>Concerto for two cellos and strings in G minor <\/i>RV 531<\/b>.<\/p>\n<p>What relationship could be between the <b><i>Concerto in C major <\/i>Hob VIIb 1<\/b> by Joseph Haydn (1732-1809), a work written around 1763 in his secluded residence of Eisenstadt (about 60 km. from Vienna), and the <b><i>Concerto in D major<\/i> G. 479<\/b> by Luigi Boccherini (1743- 1805), edited in 1770 in Paris by a composer who was already living in Spain serving as a chamber musician and composer to the Infante Don Luis de Borb\u00f3n? Unexpectedly more than we could imagine&#8230;<\/p>\n<h3><\/h3>\n<p>[\/vc_column_text][vc_single_image image=&#8221;3070&#8243; img_size=&#8221;large&#8221;][vc_separator color=&#8221;orange&#8221;][vc_column_text]<\/p>\n<h2>Making-of<\/h2>\n<p>[\/vc_column_text][vc_video link=&#8221;https:\/\/www.youtube.com\/watch?v=_H6uNolMfVQ&#8221;][vc_separator color=&#8221;orange&#8221;][vc_column_text]<\/p>\n<h2>Tracklist<\/h2>\n<p><b>LUIGI BOCCHERINI<\/b><br \/>\n<i>Cello Concerto in D major<\/i>, G.479<br \/>\n1. I. Allegro<br \/>\n2. II. Adagio<br \/>\n3. III. Allegro<\/p>\n<p><b>ANTONIO VIVALDI<\/b><br \/>\n<i>Cello Concerto in C minor,<\/i> RV401<br \/>\n4. I. Allegro non molto<br \/>\n5. II. Adagio<br \/>\n6. III. Allegro ma non molto<\/p>\n<p><i>Concerto for 2 Cellos in G minor<\/i>, RV531<br \/>\n7. I. Allegro (moderato)<br \/>\n8. II. Largo<br \/>\n9. III. Allegro<\/p>\n<p><b>FRANZ JOSEPH HAYDN<\/b><\/p>\n<p><i>Cello Concerto No.1 in C major<\/i>, Hob. VIIb:1<br \/>\n10. I. Moderato<br \/>\n11. II. Adagio<br \/>\n12. III. Allegro molto<\/p>\n<p><b>Asier Polo<\/b>, cello<br \/>\n<b>Andr\u00e9s Gabetta<\/b>, conductor<br \/>\n<b>Orquesta Barroca de Sevilla<\/b>[\/vc_column_text][vc_single_image image=&#8221;3078&#8243; img_size=&#8221;large&#8221;][vc_separator color=&#8221;orange&#8221;][vc_column_text]<\/p>\n<h2>Reviews<\/h2>\n<h4><b>Mel\u00f3mano<\/b><\/h4>\n<p>&#8220;His [Asier Polo\u2019s] authority is imposed with ease, beautiful and robust sound as well as excellent tuning to the demands, mainly virtuosic, of each score.&#8221;<\/p>\n<p>&#8220;The Concerto no. 1 in G major by Haydn (with a cadence by Miguel Jim\u00e9nez) stands as an example of technical perfection and singable capacity in the hands of Polo.&#8221; -Germ\u00e1n Garc\u00eda Tom\u00e1s.\u00a0<a href=\"https:\/\/www.melomanodigital.com\/resena-cello-concertos\/\" target=\"_blank\" rel=\"noopener noreferrer\">Read more<\/a><\/p>\n<h4><b>Revista Segarra<\/b><\/h4>\n<p>\u201cIn his full maturity, the cellist from Bilbao offers vigorous readings of a repertoire he knows from many years ago and which now exhibits in a very different aesthetic, compared to the one he was more used to. The experience gives off energy, encouragement, illusion and poetry.&#8221; -Santi Riu<\/p>\n<h4><b>El Pa\u00eds<\/b><\/h4>\n<p>&#8220;Exquisite and crackling Vivaldi by the cellist Asier Polo with the Orquesta Barroca de Sevilla and Andr\u00e9s Gabetta&#8221; -Pablo L. Rodr\u00edguez.\u00a0<a href=\"http:\/\/elpais.com\/cultura\/2020\/08\/07\/babelia\/1596792780_646732.html\" target=\"_blank\" rel=\"noopener noreferrer\">Read more<\/a><\/p>\n<h4><b>El Correo<\/b><\/h4>\n<p>&#8220;The lightness of Vivaldi and Boccherini and the elegance of Haydn find in Asier Polo their ideal interpreter, very well accompanied by the Baroque Orchestra of Seville.&#8221; -C\u00e9sar Coca. <a href=\"https:\/\/www.elcorreo.com\/culturas\/territorios\/clasica-instrumental-20201219183133-nt.html\" target=\"_blank\" rel=\"noopener noreferrer\">Read more<\/a><\/p>\n<h4><b>Diario de Sevilla<\/b><br \/>\n<i><\/i><b><\/b><\/h4>\n<p><em>&#8220;Asier Polo: Being baroque? What it is about is playing with expression or not\u201d<\/em>. <a href=\"https:\/\/www.diariodesevilla.es\/mapademusicas\/Asier_Polo-OBS-entrevista_0_1472552841.html\" target=\"_blank\" rel=\"noopener noreferrer\">Read here<\/a> the interview to Asier Polo about the new album, by Pablo J. Vay\u00f3n.[\/vc_column_text][vc_single_image image=&#8221;3073&#8243; img_size=&#8221;large&#8221;][\/vc_column][\/vc_row]<\/p>\n","protected":false},"excerpt":{"rendered":"<p>[vc_row el_class=&#8221;home-photo&#8221;][vc_column el_class=&#8221;column-no-padding&#8221;][vc_column_text el_class=&#8221;back-disco&#8221;]Back to Discography[\/vc_column_text][vc_single_image image=&#8221;503&#8243; img_size=&#8221;full&#8221; alignment=&#8221;center&#8221;][\/vc_column][\/vc_row][vc_row el_class=&#8221;page-block-center page-block-title&#8221;][vc_column][vc_column_text] Vivaldi, Boccherini, Haydn Cello Concertos [\/vc_column_text][\/vc_column][\/vc_row][vc_row el_class=&#8221;page-block-center page-block-mar40&#8243;][vc_column width=&#8221;1\/3&#8243;][vc_single_image image=&#8221;3067&#8243; img_size=&#8221;full&#8221; alignment=&#8221;center&#8221;][vc_column_text] Buy it now: \u00a0\u00a0 (Click to buy) [\/vc_column_text][vc_separator color=&#8221;orange&#8221;][vc_column_text] Listen on: \u00a0 \u00a0\u00a0\u00a0 &amp; more[\/vc_column_text][vc_separator color=&#8221;orange&#8221;][vc_column_text] Audio &hellip; <a href=\"https:\/\/www.asierpolo.com\/en\/discography\/asier-polo-cello-concertos\/\">Continued<\/a><\/p>\n","protected":false},"author":3,"featured_media":0,"parent":961,"menu_order":0,"comment_status":"closed","ping_status":"closed","template":"template-style2.php","meta":[],"_links":{"self":[{"href":"https:\/\/www.asierpolo.com\/en\/wp-json\/wp\/v2\/pages\/3084"}],"collection":[{"href":"https:\/\/www.asierpolo.com\/en\/wp-json\/wp\/v2\/pages"}],"about":[{"href":"https:\/\/www.asierpolo.com\/en\/wp-json\/wp\/v2\/types\/page"}],"author":[{"embeddable":true,"href":"https:\/\/www.asierpolo.com\/en\/wp-json\/wp\/v2\/users\/3"}],"replies":[{"embeddable":true,"href":"https:\/\/www.asierpolo.com\/en\/wp-json\/wp\/v2\/comments?post=3084"}],"version-history":[{"count":10,"href":"https:\/\/www.asierpolo.com\/en\/wp-json\/wp\/v2\/pages\/3084\/revisions"}],"predecessor-version":[{"id":4069,"href":"https:\/\/www.asierpolo.com\/en\/wp-json\/wp\/v2\/pages\/3084\/revisions\/4069"}],"up":[{"embeddable":true,"href":"https:\/\/www.asierpolo.com\/en\/wp-json\/wp\/v2\/pages\/961"}],"wp:attachment":[{"href":"https:\/\/www.asierpolo.com\/en\/wp-json\/wp\/v2\/media?parent=3084"}],"curies":[{"name":"wp","href":"https:\/\/api.w.org\/{rel}","templated":true}]}}