{"id":1101,"date":"2015-08-14T12:31:41","date_gmt":"2015-08-14T10:31:41","guid":{"rendered":"https:\/\/www.asierpolo.com\/en\/discography\/bernaola-clamores-y-secuencias\/"},"modified":"2016-03-09T14:18:06","modified_gmt":"2016-03-09T13:18:06","slug":"bernaola-clamores-y-secuencias","status":"publish","type":"page","link":"https:\/\/www.asierpolo.com\/en\/discography\/bernaola-clamores-y-secuencias\/","title":{"rendered":"Bernaola | Clamores y Secuencias"},"content":{"rendered":"<p>[vc_row el_class=&#8221;home-photo&#8221;][vc_column el_class=&#8221;column-no-padding &#8220;][vc_column_text el_class=&#8221;back-disco&#8221;]<a href=\"\/en\/discography\/\">Back to discography<\/a>[\/vc_column_text][vc_single_image image=&#8221;503&#8243; img_size=&#8221;full&#8221; alignment=&#8221;center&#8221;][\/vc_column][\/vc_row][vc_row el_class=&#8221;page-block-center page-block-title&#8221;][vc_column][vc_column_text]<\/p>\n<h1>Bernaola<\/h1>\n<h2>Clamores y Secuencias<\/h2>\n<p>[\/vc_column_text][\/vc_column][\/vc_row][vc_row el_class=&#8221;page-block-center page-block-mar40&#8243;][vc_column width=&#8221;1\/3&#8243;][vc_single_image image=&#8221;154&#8243; img_size=&#8221;full&#8221; alignment=&#8221;center&#8221;][\/vc_column][vc_column width=&#8221;2\/3&#8243;][vc_column_text]<\/p>\n<ul>\n<li><strong>CD\u00a0Ref. SA00971<\/strong><\/li>\n<li><strong>Autor<\/strong><\/li>\n<\/ul>\n<p>Carmelo Bernaola\u2019s Clamores y Secuencias for cello and orchestra was commissioned by the Centro para la Difusi\u00f3n de la M\u00fasica Contempor\u00e1nea and the Fundaci\u00f3n Caja Madrid, in 1993 for the ninth edition of the Alicante International Contemporary Music Festival.<\/p>\n<p>In 2000 the Quincena Musical Donostiarra (the San Sebastian International Festival of Music) paid tribute to Maestro Bernaola to celebrate his 70<sup>th<\/sup> birthday, and the recently revised version of Clamores y Secuencias was performed for the first time on 25<sup>th<\/sup> August. It took place in the Teatro Victoria Eugenia in San Sebastian, and was performed by Asier Polo and the Basque National Orchestra, conducted by Mario Venzago. This masterwork, surely one of the most beautiful and moving works that Carmelo Bernaola has left us, opens with a 15-bar introduction focused around the solo cellist\u2019s first entry, between two bell-like chords.[\/vc_column_text][\/vc_column][\/vc_row]<\/p>\n","protected":false},"excerpt":{"rendered":"<p>[vc_row el_class=&#8221;home-photo&#8221;][vc_column el_class=&#8221;column-no-padding &#8220;][vc_column_text el_class=&#8221;back-disco&#8221;]Back to discography[\/vc_column_text][vc_single_image image=&#8221;503&#8243; img_size=&#8221;full&#8221; alignment=&#8221;center&#8221;][\/vc_column][\/vc_row][vc_row el_class=&#8221;page-block-center page-block-title&#8221;][vc_column][vc_column_text] Bernaola Clamores y Secuencias [\/vc_column_text][\/vc_column][\/vc_row][vc_row el_class=&#8221;page-block-center page-block-mar40&#8243;][vc_column width=&#8221;1\/3&#8243;][vc_single_image image=&#8221;154&#8243; img_size=&#8221;full&#8221; alignment=&#8221;center&#8221;][\/vc_column][vc_column width=&#8221;2\/3&#8243;][vc_column_text] CD\u00a0Ref. SA00971 Autor Carmelo Bernaola\u2019s Clamores y Secuencias for cello and orchestra was commissioned by the &hellip; <a href=\"https:\/\/www.asierpolo.com\/en\/discography\/bernaola-clamores-y-secuencias\/\">Continued<\/a><\/p>\n","protected":false},"author":3,"featured_media":0,"parent":961,"menu_order":0,"comment_status":"closed","ping_status":"closed","template":"template-style2.php","meta":[],"_links":{"self":[{"href":"https:\/\/www.asierpolo.com\/en\/wp-json\/wp\/v2\/pages\/1101"}],"collection":[{"href":"https:\/\/www.asierpolo.com\/en\/wp-json\/wp\/v2\/pages"}],"about":[{"href":"https:\/\/www.asierpolo.com\/en\/wp-json\/wp\/v2\/types\/page"}],"author":[{"embeddable":true,"href":"https:\/\/www.asierpolo.com\/en\/wp-json\/wp\/v2\/users\/3"}],"replies":[{"embeddable":true,"href":"https:\/\/www.asierpolo.com\/en\/wp-json\/wp\/v2\/comments?post=1101"}],"version-history":[{"count":8,"href":"https:\/\/www.asierpolo.com\/en\/wp-json\/wp\/v2\/pages\/1101\/revisions"}],"predecessor-version":[{"id":1601,"href":"https:\/\/www.asierpolo.com\/en\/wp-json\/wp\/v2\/pages\/1101\/revisions\/1601"}],"up":[{"embeddable":true,"href":"https:\/\/www.asierpolo.com\/en\/wp-json\/wp\/v2\/pages\/961"}],"wp:attachment":[{"href":"https:\/\/www.asierpolo.com\/en\/wp-json\/wp\/v2\/media?parent=1101"}],"curies":[{"name":"wp","href":"https:\/\/api.w.org\/{rel}","templated":true}]}}